{"id":7,"date":"2015-12-17T16:02:51","date_gmt":"2015-12-17T15:02:51","guid":{"rendered":"http:\/\/www.objectif-l-une.com\/wp\/?page_id=7"},"modified":"2024-02-15T12:32:36","modified_gmt":"2024-02-15T11:32:36","slug":"accueil","status":"publish","type":"page","link":"https:\/\/www.objectif-l-une.com\/wp\/","title":{"rendered":"Accueil &#8211; Objectif l&rsquo;Une.ch SA"},"content":{"rendered":"<p style=\"text-align: center;\">Objectif l&rsquo;Une.ch SA a chang\u00e9 d&rsquo;administration.<br \/>\nLa nouvelle administratrice est Madame Bujes Val\u00e9rie \u00e0 Gland.<\/p>\n<p>&nbsp;<\/p>\n<p style=\"text-align: center;\"><span style=\"font-family: arial,helvetica,sans-serif; color: #3366ff;\">Objectif l&rsquo;Une.ch SA &#8211; Route du Centre 9 &#8211; CH-1774 Cousset<br \/>\n<\/span><span style=\"font-family: arial,helvetica,sans-serif; color: #3366ff;\">www.objectif-l-une.com &#8211; info (at) objectif-l-une.com<\/span><\/p>\n","protected":false},"excerpt":{"rendered":"<p>Objectif l&rsquo;Une.ch SA a chang\u00e9 d&rsquo;administration. La nouvelle administratrice est Madame Bujes Val\u00e9rie \u00e0 Gland. &nbsp; Objectif l&rsquo;Une.ch SA &#8211; Route du Centre 9 &#8211; CH-1774 Cousset www.objectif-l-une.com &#8211; info (at) objectif-l-une.com<\/p>\n","protected":false},"author":1,"featured_media":0,"parent":0,"menu_order":0,"comment_status":"closed","ping_status":"closed","template":"","meta":{"footnotes":""},"yoast_head":"<!-- This site is optimized with the Yoast SEO plugin v22.6 - https:\/\/yoast.com\/wordpress\/plugins\/seo\/ -->\n<title>Accueil - Objectif l&#039;Une.ch SA<\/title>\n<meta name=\"robots\" content=\"index, follow, max-snippet:-1, max-image-preview:large, max-video-preview:-1\" \/>\n<link rel=\"canonical\" href=\"https:\/\/www.objectif-l-une.com\/wp\/\" \/>\n<meta property=\"og:locale\" content=\"fr_FR\" \/>\n<meta property=\"og:type\" content=\"article\" \/>\n<meta property=\"og:title\" content=\"Accueil - Objectif l&#039;Une.ch SA\" \/>\n<meta property=\"og:description\" content=\"Objectif l&rsquo;Une.ch SA a chang\u00e9 d&rsquo;administration. La nouvelle administratrice est Madame Bujes Val\u00e9rie \u00e0 Gland. &nbsp; Objectif l&rsquo;Une.ch SA &#8211; Route du Centre 9 &#8211; CH-1774 Cousset www.objectif-l-une.com &#8211; info (at) objectif-l-une.com\" \/>\n<meta property=\"og:url\" content=\"https:\/\/www.objectif-l-une.com\/wp\/\" \/>\n<meta property=\"og:site_name\" content=\"Objectif-l-une.ch\" \/>\n<meta property=\"article:modified_time\" content=\"2024-02-15T11:32:36+00:00\" \/>\n<meta name=\"twitter:card\" content=\"summary_large_image\" \/>\n<meta name=\"twitter:label1\" content=\"Dur\u00e9e de lecture estim\u00e9e\" \/>\n\t<meta name=\"twitter:data1\" content=\"1 minute\" \/>\n<script type=\"application\/ld+json\" class=\"yoast-schema-graph\">{\"@context\":\"https:\/\/schema.org\",\"@graph\":[{\"@type\":\"WebPage\",\"@id\":\"https:\/\/www.objectif-l-une.com\/wp\/\",\"url\":\"https:\/\/www.objectif-l-une.com\/wp\/\",\"name\":\"Accueil - Objectif l'Une.ch SA\",\"isPartOf\":{\"@id\":\"https:\/\/www.objectif-l-une.com\/wp\/#website\"},\"datePublished\":\"2015-12-17T15:02:51+00:00\",\"dateModified\":\"2024-02-15T11:32:36+00:00\",\"breadcrumb\":{\"@id\":\"https:\/\/www.objectif-l-une.com\/wp\/#breadcrumb\"},\"inLanguage\":\"fr-FR\",\"potentialAction\":[{\"@type\":\"ReadAction\",\"target\":[\"https:\/\/www.objectif-l-une.com\/wp\/\"]}]},{\"@type\":\"BreadcrumbList\",\"@id\":\"https:\/\/www.objectif-l-une.com\/wp\/#breadcrumb\",\"itemListElement\":[{\"@type\":\"ListItem\",\"position\":1,\"name\":\"Accueil\",\"item\":\"https:\/\/www.objectif-l-une.com\/wp\/\"},{\"@type\":\"ListItem\",\"position\":2,\"name\":\"Accueil &#8211; Objectif l&rsquo;Une.ch SA\"}]},{\"@type\":\"WebSite\",\"@id\":\"https:\/\/www.objectif-l-une.com\/wp\/#website\",\"url\":\"https:\/\/www.objectif-l-une.com\/wp\/\",\"name\":\"Objectif-l-une.ch\",\"description\":\"\",\"publisher\":{\"@id\":\"https:\/\/www.objectif-l-une.com\/wp\/#organization\"},\"potentialAction\":[{\"@type\":\"SearchAction\",\"target\":{\"@type\":\"EntryPoint\",\"urlTemplate\":\"https:\/\/www.objectif-l-une.com\/wp\/?s={search_term_string}\"},\"query-input\":\"required name=search_term_string\"}],\"inLanguage\":\"fr-FR\"},{\"@type\":\"Organization\",\"@id\":\"https:\/\/www.objectif-l-une.com\/wp\/#organization\",\"name\":\"Objectif l'une.ch SA\",\"url\":\"https:\/\/www.objectif-l-une.com\/wp\/\",\"logo\":{\"@type\":\"ImageObject\",\"inLanguage\":\"fr-FR\",\"@id\":\"https:\/\/www.objectif-l-une.com\/wp\/#\/schema\/logo\/image\/\",\"url\":\"https:\/\/www.objectif-l-une.com\/wp\/wp-content\/uploads\/2015\/12\/entete.jpg\",\"contentUrl\":\"https:\/\/www.objectif-l-une.com\/wp\/wp-content\/uploads\/2015\/12\/entete.jpg\",\"width\":1200,\"height\":263,\"caption\":\"Objectif l'une.ch SA\"},\"image\":{\"@id\":\"https:\/\/www.objectif-l-une.com\/wp\/#\/schema\/logo\/image\/\"}}]}<\/script>\n<!-- \/ Yoast SEO plugin. -->","yoast_head_json":{"title":"Accueil - Objectif l'Une.ch SA","robots":{"index":"index","follow":"follow","max-snippet":"max-snippet:-1","max-image-preview":"max-image-preview:large","max-video-preview":"max-video-preview:-1"},"canonical":"https:\/\/www.objectif-l-une.com\/wp\/","og_locale":"fr_FR","og_type":"article","og_title":"Accueil - Objectif l'Une.ch SA","og_description":"Objectif l&rsquo;Une.ch SA a chang\u00e9 d&rsquo;administration. La nouvelle administratrice est Madame Bujes Val\u00e9rie \u00e0 Gland. &nbsp; Objectif l&rsquo;Une.ch SA &#8211; Route du Centre 9 &#8211; CH-1774 Cousset www.objectif-l-une.com &#8211; info (at) objectif-l-une.com","og_url":"https:\/\/www.objectif-l-une.com\/wp\/","og_site_name":"Objectif-l-une.ch","article_modified_time":"2024-02-15T11:32:36+00:00","twitter_card":"summary_large_image","twitter_misc":{"Dur\u00e9e de lecture estim\u00e9e":"1 minute"},"schema":{"@context":"https:\/\/schema.org","@graph":[{"@type":"WebPage","@id":"https:\/\/www.objectif-l-une.com\/wp\/","url":"https:\/\/www.objectif-l-une.com\/wp\/","name":"Accueil - Objectif l'Une.ch SA","isPartOf":{"@id":"https:\/\/www.objectif-l-une.com\/wp\/#website"},"datePublished":"2015-12-17T15:02:51+00:00","dateModified":"2024-02-15T11:32:36+00:00","breadcrumb":{"@id":"https:\/\/www.objectif-l-une.com\/wp\/#breadcrumb"},"inLanguage":"fr-FR","potentialAction":[{"@type":"ReadAction","target":["https:\/\/www.objectif-l-une.com\/wp\/"]}]},{"@type":"BreadcrumbList","@id":"https:\/\/www.objectif-l-une.com\/wp\/#breadcrumb","itemListElement":[{"@type":"ListItem","position":1,"name":"Accueil","item":"https:\/\/www.objectif-l-une.com\/wp\/"},{"@type":"ListItem","position":2,"name":"Accueil &#8211; Objectif l&rsquo;Une.ch SA"}]},{"@type":"WebSite","@id":"https:\/\/www.objectif-l-une.com\/wp\/#website","url":"https:\/\/www.objectif-l-une.com\/wp\/","name":"Objectif-l-une.ch","description":"","publisher":{"@id":"https:\/\/www.objectif-l-une.com\/wp\/#organization"},"potentialAction":[{"@type":"SearchAction","target":{"@type":"EntryPoint","urlTemplate":"https:\/\/www.objectif-l-une.com\/wp\/?s={search_term_string}"},"query-input":"required name=search_term_string"}],"inLanguage":"fr-FR"},{"@type":"Organization","@id":"https:\/\/www.objectif-l-une.com\/wp\/#organization","name":"Objectif l'une.ch SA","url":"https:\/\/www.objectif-l-une.com\/wp\/","logo":{"@type":"ImageObject","inLanguage":"fr-FR","@id":"https:\/\/www.objectif-l-une.com\/wp\/#\/schema\/logo\/image\/","url":"https:\/\/www.objectif-l-une.com\/wp\/wp-content\/uploads\/2015\/12\/entete.jpg","contentUrl":"https:\/\/www.objectif-l-une.com\/wp\/wp-content\/uploads\/2015\/12\/entete.jpg","width":1200,"height":263,"caption":"Objectif l'une.ch SA"},"image":{"@id":"https:\/\/www.objectif-l-une.com\/wp\/#\/schema\/logo\/image\/"}}]}},"_links":{"self":[{"href":"https:\/\/www.objectif-l-une.com\/wp\/wp-json\/wp\/v2\/pages\/7"}],"collection":[{"href":"https:\/\/www.objectif-l-une.com\/wp\/wp-json\/wp\/v2\/pages"}],"about":[{"href":"https:\/\/www.objectif-l-une.com\/wp\/wp-json\/wp\/v2\/types\/page"}],"author":[{"embeddable":true,"href":"https:\/\/www.objectif-l-une.com\/wp\/wp-json\/wp\/v2\/users\/1"}],"replies":[{"embeddable":true,"href":"https:\/\/www.objectif-l-une.com\/wp\/wp-json\/wp\/v2\/comments?post=7"}],"version-history":[{"count":17,"href":"https:\/\/www.objectif-l-une.com\/wp\/wp-json\/wp\/v2\/pages\/7\/revisions"}],"predecessor-version":[{"id":1011,"href":"https:\/\/www.objectif-l-une.com\/wp\/wp-json\/wp\/v2\/pages\/7\/revisions\/1011"}],"wp:attachment":[{"href":"https:\/\/www.objectif-l-une.com\/wp\/wp-json\/wp\/v2\/media?parent=7"}],"curies":[{"name":"wp","href":"https:\/\/api.w.org\/{rel}","templated":true}]}}